{"id":116,"date":"2015-02-18T17:41:15","date_gmt":"2015-02-18T16:41:15","guid":{"rendered":"http:\/\/rp81.de\/moselromantikhaus\/?page_id=116"},"modified":"2016-03-04T23:30:53","modified_gmt":"2016-03-04T22:30:53","slug":"anreise","status":"publish","type":"page","link":"https:\/\/www.moselromantikhaus.de\/?page_id=116","title":{"rendered":"Anreise"},"content":{"rendered":"<p style=\"text-align: justify;\"><strong>Zuganreise<\/strong><br \/>\nSie kommen am besten am 3,5 km von Burg entfernten Bahnhof in Reil an. Von der Moselbr\u00fccke in Reil (Haltestelle &#8222;Reil B53&#8220;) f\u00e4hrt der <a title=\"Bus-Linie 333\" href=\"http:\/\/www.vrminfo.de\/uploads\/tx_vdvtimetable\/333_01.pdf\" target=\"_blank\"><strong>Bus der Linie 333<\/strong><\/a>, der bereits eine Station sp\u00e4ter in Burg h\u00e4lt (Haltestelle &#8222;Burg (Mosel) Ort&#8220;) (in der PDF-Datei auf den Seiten 8 und 10). Von der Bushaltestelle sind es nur noch wenige Minuten bis zum Haus.<\/p>\n<p style=\"text-align: justify;\"><strong>Autoanreise<\/strong><br \/>\nIm Westen \u00fcber die A1 ab AK Wittlich und dann weiter \u00fcber die B50 zur Mosel nach Zeltingen-Rachting. Sie k\u00f6nnen aber auch aus Osten kommend die A61 bei Rheinb\u00f6llen abfahren, die B50 nach Kirchberg nehmen und dann die B421<\/p>\n<p style=\"text-align: justify;\">a) \u00fcber Kappel nach Zell und von dort 13 km moselaufw\u00e4rts nach Burg oder<\/p>\n<p style=\"text-align: justify;\">b) vor Kappel links auf die L193, am Flughafen Hahn vorbei und dann \u00fcber Raversbeuren nach Enkirch. Von dort sind es dann 3 km moselabw\u00e4rts (also rechts) nach Burg.<\/p>\n<p style=\"text-align: justify;\">Eine graphische \u00dcbersicht finden Sie unter folgendem Link:<\/p>\n<p style=\"text-align: justify;\"><iframe loading=\"lazy\" src=\"https:\/\/maps.google.de\/maps\/ms?msid=215656590115005945273.0004e58d10170c5538032&amp;msa=0&amp;hl=de&amp;ie=UTF8&amp;t=h&amp;iwloc=0004e58d101841492022b&amp;ll=50.008642,7.123325&amp;spn=0,0&amp;output=embed\" width=\"425\" height=\"350\" frameborder=\"0\" marginwidth=\"0\" marginheight=\"0\" scrolling=\"no\"><\/iframe><br \/>\n<a style=\"color: #0000ff; text-align: left;\" href=\"https:\/\/maps.google.de\/maps\/ms?msid=215656590115005945273.0004e58d10170c5538032&amp;msa=0&amp;hl=de&amp;ie=UTF8&amp;t=h&amp;iwloc=0004e58d101841492022b&amp;ll=50.008642,7.123325&amp;spn=0,0&amp;source=embed\" target=\"_new\">Standort<\/a> auf einer gr\u00f6\u00dferen Karte anzeigen<\/p>\n<p style=\"text-align: justify;\"><strong>Parken<\/strong><\/p>\n<p style=\"text-align: justify;\">Der Parkplatz liegt neben der Ferienwohnung an der Mettlacher-Hof-Stra\u00dfe 2, erkennbar an einem Holzschild mit der Aufschrift &#8222;Kunden&#8220;. Im folgenden Bild ist er als roter Rahmen dargestellt.<\/p>\n<p style=\"text-align: justify;\">Sollten Sie ein weiteres Auto haben, k\u00f6nnen Sie zum Be- und Entladen kurz in der Verl\u00e4ngerung des Parkplatzes (einer Hofeinfahrt, die nicht mehr zur Ferienwohnung geh\u00f6rt) halten. Zum Parken fahren Sie dann am besten in die Kur-Trierer-Stra\u00dfe unterhalb der Ferienwohnung. Dort k\u00f6nnen Sie entlang des langen, silbernen Metallzauns auf der Stra\u00dfe parken (rote Linie im Bild).<\/p>\n<p style=\"text-align: justify;\">Die Ferienwohnung ist im Bild mit einer blauen Markierung versehen.<\/p>\n<p style=\"text-align: justify;\"><a href=\"http:\/\/www.moselromantikhaus.de\/wp-content\/uploads\/2015\/02\/Parkm\u00f6glichkeiten-Moselromantikhaus.jpg\"><img loading=\"lazy\" decoding=\"async\" class=\"alignleft size-full wp-image-175\" src=\"http:\/\/www.moselromantikhaus.de\/wp-content\/uploads\/2015\/02\/Parkm\u00f6glichkeiten-Moselromantikhaus.jpg\" alt=\"Parkm\u00f6glichkeiten Moselromantikhaus\" width=\"494\" height=\"443\" srcset=\"https:\/\/www.moselromantikhaus.de\/wp-content\/uploads\/2015\/02\/Parkm\u00f6glichkeiten-Moselromantikhaus.jpg 494w, https:\/\/www.moselromantikhaus.de\/wp-content\/uploads\/2015\/02\/Parkm\u00f6glichkeiten-Moselromantikhaus-300x269.jpg 300w\" sizes=\"auto, (max-width: 494px) 100vw, 494px\" \/><\/a><\/p>\n","protected":false},"excerpt":{"rendered":"<p>Zuganreise Sie kommen am besten am 3,5 km von Burg entfernten Bahnhof in Reil an. Von der Moselbr\u00fccke in Reil (Haltestelle &#8222;Reil B53&#8220;) f\u00e4hrt der Bus der Linie 333, der bereits eine Station sp\u00e4ter in Burg h\u00e4lt (Haltestelle &#8222;Burg (Mosel) &hellip; <a href=\"https:\/\/www.moselromantikhaus.de\/?page_id=116\">Weiter<\/a><\/p>\n","protected":false},"author":1,"featured_media":0,"parent":0,"menu_order":0,"comment_status":"open","ping_status":"open","template":"page-fullwidth.php","meta":{"kt_blocks_editor_width":"","ngg_post_thumbnail":0,"footnotes":""},"class_list":["post-116","page","type-page","status-publish","hentry"],"_links":{"self":[{"href":"https:\/\/www.moselromantikhaus.de\/index.php?rest_route=\/wp\/v2\/pages\/116","targetHints":{"allow":["GET"]}}],"collection":[{"href":"https:\/\/www.moselromantikhaus.de\/index.php?rest_route=\/wp\/v2\/pages"}],"about":[{"href":"https:\/\/www.moselromantikhaus.de\/index.php?rest_route=\/wp\/v2\/types\/page"}],"author":[{"embeddable":true,"href":"https:\/\/www.moselromantikhaus.de\/index.php?rest_route=\/wp\/v2\/users\/1"}],"replies":[{"embeddable":true,"href":"https:\/\/www.moselromantikhaus.de\/index.php?rest_route=%2Fwp%2Fv2%2Fcomments&post=116"}],"version-history":[{"count":16,"href":"https:\/\/www.moselromantikhaus.de\/index.php?rest_route=\/wp\/v2\/pages\/116\/revisions"}],"predecessor-version":[{"id":236,"href":"https:\/\/www.moselromantikhaus.de\/index.php?rest_route=\/wp\/v2\/pages\/116\/revisions\/236"}],"wp:attachment":[{"href":"https:\/\/www.moselromantikhaus.de\/index.php?rest_route=%2Fwp%2Fv2%2Fmedia&parent=116"}],"curies":[{"name":"wp","href":"https:\/\/api.w.org\/{rel}","templated":true}]}}