{"id":119,"date":"2015-02-18T17:47:45","date_gmt":"2015-02-18T16:47:45","guid":{"rendered":"http:\/\/rp81.de\/moselromantikhaus\/?page_id=119"},"modified":"2021-12-25T15:52:30","modified_gmt":"2021-12-25T14:52:30","slug":"mietbedingungen","status":"publish","type":"page","link":"https:\/\/www.moselromantikhaus.de\/?page_id=119","title":{"rendered":"AGB"},"content":{"rendered":"<p style=\"text-align: justify;\" align=\"CENTER\"><span style=\"font-size: small;\"><b>Erstellt auf der Grundlage der Empfehlung des Deutschen Reiseb\u00fcroverbandes nach \u00a7 38 Abs.2 Nr.3 GWB (1990). Sie erg\u00e4nzen \u00a7\u00a7 651 a ff. BGB <\/b><\/span><\/p>\n<p class=\"Textk_rper tm6\"><strong><span class=\"tm7\">1. Die Buchung der Ferienwohnung f\u00fcr den gew\u00fcnschten Zeitraum wird vom Vermieter best\u00e4tigt, nachdem vom Mieter eine Anzahlung von 100 \u20ac auf das unten bezeichnete Konto* \u00fcberwiesen wurde. Bei mehreren Interessenten gilt das Eingangsdatum auf dem Konto. In diesem Falle w\u00fcrde dem Zweiteinzahler die Anzahlung umgehend zur\u00fcck \u00fcberwiesen. Mit der Buchung werden vom Mieter die hier dargelegten Mietbedingungen einschlie\u00dflich Hinweisen ausdr\u00fccklich anerkannt. <\/span><\/strong><\/p>\n<p class=\"Textk_rper tm6\"><strong><span class=\"tm7\"><br \/>\n2. Der restliche Mietpreis ist zusammen mit einer Kaution in H\u00f6he von 200 \u20ac sp\u00e4testens 14 Tage vor \u00dcbernahme der Ferienwohnung auf das angegebene Konto* zu \u00fcberweisen. Hiermit wird die Schl\u00fcssel\u00fcbergabe gew\u00e4hrleistet.<\/span><\/strong><\/p>\n<p class=\"Textk_rper tm6\"><span class=\"tm8\"><br \/>\n3. Bei R\u00fccktritt von der Anmietung durch den Mieter wird bis zum 14. Tag vor der geplanten \u00dcbernahme der Ferienwohnung die Anzahlung von 100 \u20ac als Bearbeitungsgeb\u00fchr einbehalten. Bei R\u00fccktritt w\u00e4hrend des Zeitraumes 14. bis 0. Tag vor der geplanten Ferienwohnungs\u00fcbernahme werden 20% des Mietpreises wegen ersparter Aufwendungen an den Mieter zur\u00fcck gezahlt. Die restlichen 80% werden einbehalten, da eine so kurzfristige Weitervermietung praktisch unm\u00f6glich ist. Die Kaution wird voll erstattet. Dem Mieter steht es aber frei, kurzfristig doch noch die Ferienwohnung zu \u00fcbernehmen oder nach R\u00fccksprache mit dem Vermieter einen Ersatzmieter zu benennen, dem er das erhaltene Angebot sowie diese Mietbedingungen auszuh\u00e4ndigen hat. Der Ersatzmieter tritt in alle Rechte und Pflichten des bestehenden Vertrages ein und erkennt mit dem Bezug der Ferienwohnung die vorliegenden Mietbedingungen ausdr\u00fccklich an. <\/span><\/p>\n<p class=\"Textk_rper tm6\"><span class=\"tm8\">4. Treten an der Ferienwohnung Ereignisse ein, die der Vermieter nicht zu vertreten hat und nicht rechtzeitig beheben kann (z.B. Brand, Wasserrohrbruch, Heizungsausfall in den Wintermonaten, Naturkatastrophen), so kann der Vermieter den Vertrag umgehend k\u00fcndigen. Der Mieter erh\u00e4lt die gezahlten Betr\u00e4ge voll zur\u00fcck erstattet. Dar\u00fcber hinaus gehende Anspr\u00fcche sind ausgeschlossen.<br \/>\n<\/span><\/p>\n<p class=\"Textk_rper tm6\"><strong><span class=\"tm7\">5. Wichtige Hinweise:<\/span><\/strong><span class=\"tm8\"><br \/>\n&#8211; <\/span><u><span class=\"tm8\">Besch\u00e4digungen<\/span><\/u><span class=\"tm8\"> am Inventar der Ferienwohnung bzw. dem Geb\u00e4ude selbst, die \u00fcber die \u00fcbliche Abnutzung hinausgehen, werden zum Selbstkostenpreis abgerechnet und von der Kaution abgezogen.<\/span><\/p>\n<p class=\"Textk_rper tm6\"><span class=\"tm8\">&#8211; Nach Abreise wird die Ferienwohnung auf die genannten Besch\u00e4digungen hin \u00fcberpr\u00fcft und <\/span><u><span class=\"tm8\">bei Schadensfreiheit<\/span><\/u><span class=\"tm8\"> die <\/span><u><span class=\"tm8\">Kaution innerhalb von 7 Tagen auf das Girokonto des Gastes zur\u00fcck \u00fcberwiesen<\/span><\/u><span class=\"tm8\">, von dem die Mietzahlung erfolgte. Bei festgestellten Sch\u00e4den wir die Schadenssumme von der Kaution abgezogen. Der Gast erh\u00e4lt dar\u00fcber auf Wunsch eine Rechnung per E-Mail. Ein eventuell verbleibendes Guthaben aus der Kaution wird dem Gast \u00fcberwiesen. Anspr\u00fcche, die die Kautionssumme von 200 \u20ac \u00fcbersteigen, werden separat geltend gemacht.<\/span><\/p>\n<p class=\"Textk_rper tm6\"><span class=\"tm8\">&#8211; <\/span><span class=\"tm7\">Die An- und Abreisetage sind frei w\u00e4hlbar. Die <\/span><u><span class=\"tm7\">Schl\u00fcssel-\u00dcbergabe<\/span><\/u><span class=\"tm7\"> erfolgt mittels eines Schl\u00fcsselsafes am Haus. Der Schl\u00fcsselsafe kann durch den Feriengast <\/span><u><span class=\"tm7\">ab 15:00 Uhr<\/span><\/u><span class=\"tm7\"> mit einem PIN Code ge\u00f6ffnet werden. Der Feriengast erh\u00e4lt dazu einige Tage vor seiner Anreise eine Anleitung mit Lageplan, PIN Code sowie einen Video-Link, unter dem die \u00d6ffnung des Safes zu sehen ist. Die R\u00fcckgabe des Schl\u00fcssels in den Schl\u00fcsselsafe mu\u00df am Abreisetag <\/span><u><span class=\"tm7\">bis 11:00 Uhr<\/span><\/u><span class=\"tm7\"> erfolgen. Wenn der Vermieter auf Grund von eventuell noch durchzuf\u00fchrenden Arbeiten noch vor Ort ist, kann die Schl\u00fcssel\u00fcbergabe auch pers\u00f6nlich erfolgen.<\/span><\/p>\n<p class=\"Textk_rper tm6\"><span class=\"tm8\">&#8211; Es k\u00f6nnen in der Ferienwohnung in der Regel <\/span><u><span class=\"tm8\">4 Personen untergebracht<\/span><\/u><span class=\"tm8\"> werden (plus insgesamt 3 weitere Einzel-Betten in den an die Schlafzimmer angrenzenden R\u00e4umen). Lage der Schlafzimmer und Matratzenma\u00dfe siehe Homepage www.moselromantikhaus.de =&gt; &#8222;Beschreibung&#8220;<\/span><\/p>\n<p class=\"Textk_rper tm6\"><span class=\"tm8\">&#8211; Der <\/span><u><span class=\"tm8\">Mindestaufenthalt<\/span><\/u><span class=\"tm8\"> betr\u00e4gt 7<\/span><u><span class=\"tm8\">&nbsp;\u00dcbernachtungen<\/span><\/u><span class=\"tm8\">.<\/span><\/p>\n<p class=\"Textk_rper tm6\"><span class=\"tm8\">&#8211; <\/span><u><span class=\"tm8\">Mietpreis<\/span><\/u><span class=\"tm8\">: 120,- \u20ac pro \u00dcbernachtung<\/span><\/p>\n<p class=\"Textk_rper tm6\"><span class=\"tm8\">&#8211; Diese Preise verstehen sich inklusive Kosten f\u00fcr Wasser und Endreinigung.<\/span><\/p>\n<p class=\"Textk_rper tm6\"><span class=\"tm8\">&#8211; Strom ist f\u00fcr einzelne Elektroheizk\u00f6rper (sofern genutzt), Herd, Licht, Warmwasser etc. relevant. <\/span><span class=\"tm8\">Ein <\/span><u><span class=\"tm8\">Stromverbrauch in H\u00f6he von 20 kWh pro \u00dcbernachtung<\/span><\/u><span class=\"tm8\"> ist <\/span><u><span class=\"tm8\">inklusive<\/span><\/u><span class=\"tm8\">. Nur ein dar\u00fcber hinausgehender Verbrauch wird zu Selbstkosten nach dem aktuellen kWh-Preis berechnet. <\/span><span class=\"tm8\">Ein <\/span><u><span class=\"tm8\">\u00d6lverbrauch in H\u00f6he von 5 l pro \u00dcbernachtung<\/span><\/u><span class=\"tm8\"> ist <\/span><u><span class=\"tm8\">inklusive<\/span><\/u><span class=\"tm8\">. Nur ein dar\u00fcber hinausgehender Verbrauch wird zu Selbstkosten nach dem aktuellen Liter-Preis berechnet. <\/span><span class=\"tm8\">Ein <\/span><u><span class=\"tm8\">Holzpellet-Ofen<\/span><\/u><span class=\"tm8\"> befindet sich im E\u00dfzimmer im Erdgescho\u00df. Im Winter ist die Nutzung und 1 Sack Holz-Pellets\/Tag kostenlos. Jeder weitere Sack wird mit 5 \u20ac berechnet. <\/span><\/p>\n<p class=\"Textk_rper tm6\"><span class=\"tm8\">&#8211; <\/span><u><span class=\"tm8\">Bettw\u00e4sche<\/span><\/u><span class=\"tm8\"> kann f\u00fcr <\/span><u><span class=\"tm8\">10 \u20ac pro Person<\/span><\/u><span class=\"tm8\">, <\/span><u><span class=\"tm8\">Handtuch+Duschtuch f\u00fcr 5 \u20ac pro Person<\/span><\/u><span class=\"tm8\"> zugebucht werden. <\/span><u><span class=\"tm8\">Gerne<\/span><\/u><span class=\"tm8\"> k\u00f6nnen Sie sie aber <\/span><u><span class=\"tm8\">auch selbst mitbringen<\/span><\/u><span class=\"tm8\">.<\/span><\/p>\n<p class=\"Textk_rper tm6\"><span class=\"tm8\">&#8211; Haustiere, wie <\/span><u><span class=\"tm8\">Hunde<\/span><\/u><span class=\"tm8\">, sind in der Ferienwohnung <\/span><u><span class=\"tm8\">nicht gestattet<\/span><\/u><span class=\"tm8\">.<\/span><\/p>\n<p class=\"Textk_rper tm6\"><span class=\"tm8\">&#8211; Das <\/span><u><span class=\"tm8\">Rauchen<\/span><\/u><span class=\"tm8\"> in der Ferienwohnung ist aus Sicherheitsgr\u00fcnden <\/span><u><span class=\"tm8\">nicht gestattet<\/span><\/u><span class=\"tm8\"> (Holz-Fachwerkhaus)!<\/span><\/p>\n<p class=\"Normal tm9\"><span class=\"tm10\">&#8211; <\/span><u><span class=\"tm7\">WLAN<\/span><\/u><span class=\"tm7\">: Zugangsdaten f\u00fcr den Internetzugang (60\/15 MBit\/s) sind auf Anfrage gegen Unterzeichnung einer WLAN-Nutzungsvereinbarung kostenlos erh\u00e4ltlich. Dies ist inzwischen auf Grund von Urheberrechtsverletzungen durch (sehr wenige) Ferieng\u00e4ste in der Vergangenheit leider n\u00f6tig geworden. Ich bitte hier um Verst\u00e4ndnis, da\u00df ich als Vermieter dieses Haftungsrisiko nicht mehr tragen m\u00f6chte.<\/span><\/p>\n<p style=\"text-align: justify;\"><b>* Die Bankverbindung zur \u00dcberweisung der Anzahlung und des Restbetrages k\u00f6nnen Sie meinem Angebot entnehmen, das Sie auf Ihre Buchungsanfrage hin von mir erhalten.<\/b><\/p>\n","protected":false},"excerpt":{"rendered":"<p>Erstellt auf der Grundlage der Empfehlung des Deutschen Reiseb\u00fcroverbandes nach \u00a7 38 Abs.2 Nr.3 GWB (1990). Sie erg\u00e4nzen \u00a7\u00a7 651 a ff. BGB 1. Die Buchung der Ferienwohnung f\u00fcr den gew\u00fcnschten Zeitraum wird vom Vermieter best\u00e4tigt, nachdem vom Mieter eine &hellip; <a href=\"https:\/\/www.moselromantikhaus.de\/?page_id=119\">Weiter<\/a><\/p>\n","protected":false},"author":1,"featured_media":0,"parent":0,"menu_order":0,"comment_status":"open","ping_status":"open","template":"page-fullwidth.php","meta":{"kt_blocks_editor_width":"","ngg_post_thumbnail":0,"footnotes":""},"class_list":["post-119","page","type-page","status-publish","hentry"],"_links":{"self":[{"href":"https:\/\/www.moselromantikhaus.de\/index.php?rest_route=\/wp\/v2\/pages\/119","targetHints":{"allow":["GET"]}}],"collection":[{"href":"https:\/\/www.moselromantikhaus.de\/index.php?rest_route=\/wp\/v2\/pages"}],"about":[{"href":"https:\/\/www.moselromantikhaus.de\/index.php?rest_route=\/wp\/v2\/types\/page"}],"author":[{"embeddable":true,"href":"https:\/\/www.moselromantikhaus.de\/index.php?rest_route=\/wp\/v2\/users\/1"}],"replies":[{"embeddable":true,"href":"https:\/\/www.moselromantikhaus.de\/index.php?rest_route=%2Fwp%2Fv2%2Fcomments&post=119"}],"version-history":[{"count":31,"href":"https:\/\/www.moselromantikhaus.de\/index.php?rest_route=\/wp\/v2\/pages\/119\/revisions"}],"predecessor-version":[{"id":7104,"href":"https:\/\/www.moselromantikhaus.de\/index.php?rest_route=\/wp\/v2\/pages\/119\/revisions\/7104"}],"wp:attachment":[{"href":"https:\/\/www.moselromantikhaus.de\/index.php?rest_route=%2Fwp%2Fv2%2Fmedia&parent=119"}],"curies":[{"name":"wp","href":"https:\/\/api.w.org\/{rel}","templated":true}]}}