{"id":12,"date":"2015-02-18T17:25:37","date_gmt":"2015-02-18T16:25:37","guid":{"rendered":"http:\/\/rp81.de\/moselromantikhaus\/?page_id=12"},"modified":"2018-07-22T16:16:49","modified_gmt":"2018-07-22T14:16:49","slug":"bheschreibung-der-ferienwohnung","status":"publish","type":"page","link":"https:\/\/www.moselromantikhaus.de\/?page_id=12","title":{"rendered":"Beschreibung der Ferienwohnung"},"content":{"rendered":"<p style=\"text-align: justify;\"><a href=\"http:\/\/www.moselromantikhaus.de\/wp-content\/uploads\/2015\/04\/schlafzimmer.jpg\"><img loading=\"lazy\" decoding=\"async\" class=\"wp-image-13 alignleft\" src=\"http:\/\/www.moselromantikhaus.de\/wp-content\/uploads\/2015\/04\/schlafzimmer.jpg\" alt=\"Schlafzimmer-\u00dcbersicht\" width=\"342\" height=\"332\"><\/a><br \/>\nDie Ferienwohnung bietet Platz f\u00fcr maximal 7 Personen in 2 Schlafzimmern und 2 Kinderzimmern, die alternativ auch als Ankleidezimmer genutzt werden k\u00f6nnen.<\/p>\n<p style=\"text-align: justify;\">Im Erdgeschoss finden sich eine moderne, voll ausgestattete K\u00fcche, das Esszimmer mit einem gem\u00fctlichen Pelletofen f\u00fcr k\u00fchlere Tage und ein Bad (Dusche \/WC).<\/p>\n<p style=\"text-align: justify;\">Im Zwischengescho\u00df befindet sich ein Schlafzimmer (1 Doppelbett) sowie dahinter 1 Kinder-\/Ankleidezimmer (2 Einzelbetten).<\/p>\n<p style=\"text-align: justify;\">Im 1. Stock liegt das Wohnzimmer, ein WC sowie das zweite Schlafzimmer (1 Doppelbett) und dahinter ein weiteres Kinder-\/Ankleidezimmer (1 Einzelbett).<\/p>\n<p style=\"text-align: justify;\">Zu etwas Besonderem wird das Haus durch das Baujahr : Es wurde im Jahre 1661 erbaut, wie Untersuchungen der Balken des Fachwerks ergaben. Hinzu kommen die typischen sogenannten Gefache aus Lehm, die die Fl\u00e4che zwischen den Eichenbalken f\u00fcllen und somit die W\u00e4nde des Hauses bilden. Von au\u00dfen entsteht dadurch der typische Fachwerkhaus-Charakter mit &#8222;ochsenblutroten&#8220; Balken und wei\u00df gekalkten Gefachen, so wie Sie es auch auf dem Bild auf der Startseite sehen k\u00f6nnen. Nur die Wetterseite ist zum besseren Schutz teilweise mit Schiefer verkleidet.<br \/>\nWenn Sie neugierig geworden sind, was dieses Haus und die Gemeinde in den letzten 357 Jahren &#8222;erlebt&#8220; haben, dann schauen Sie doch mal unter dem nachfolgenden Link vorbei. Hier finden Sie eine kleine Arbeit \u00fcber die Geschichte mit Bildern von alten Urkunden, Skizzen, Lagepl\u00e4nen und auch ein paar Vorher-Nachher-Aufnahmen zum Download als PDF-Datei.<\/p>\n<p style=\"text-align: justify;\"><a title=\"Geschichte Burg Mosel\" href=\"http:\/\/www.geschichte-burg-mosel.de\" target=\"_blank\" rel=\"noopener\">Geschichte Burg an der Mosel &#8211; Ein Beitrag zur Geschichte der Mittelmosel<\/a><\/p>\n<p>So sah das Haus beim Erwerb durch mich noch recht &#8222;renovierungsbed\u00fcrftig&#8220; aus, einige Zeit sp\u00e4ter erstrahlte es dann wieder in neuem (alten) Glanz:<\/p>\n<p><a href=\"http:\/\/www.moselromantikhaus.de\/wp-content\/uploads\/2018\/07\/Vorher-Bild-2004.jpg\"><img loading=\"lazy\" decoding=\"async\" class=\"alignleft wp-image-432\" src=\"http:\/\/www.moselromantikhaus.de\/wp-content\/uploads\/2018\/07\/Vorher-Bild-2004.jpg\" alt=\"\" width=\"556\" height=\"370\" srcset=\"https:\/\/www.moselromantikhaus.de\/wp-content\/uploads\/2018\/07\/Vorher-Bild-2004.jpg 1165w, https:\/\/www.moselromantikhaus.de\/wp-content\/uploads\/2018\/07\/Vorher-Bild-2004-300x200.jpg 300w, https:\/\/www.moselromantikhaus.de\/wp-content\/uploads\/2018\/07\/Vorher-Bild-2004-768x511.jpg 768w, https:\/\/www.moselromantikhaus.de\/wp-content\/uploads\/2018\/07\/Vorher-Bild-2004-1024x681.jpg 1024w\" sizes=\"auto, (max-width: 556px) 100vw, 556px\" \/><\/a><a href=\"http:\/\/www.moselromantikhaus.de\/wp-content\/uploads\/2015\/02\/favicon-vorlage1.png\"><img loading=\"lazy\" decoding=\"async\" class=\"alignleft wp-image-143\" src=\"http:\/\/www.moselromantikhaus.de\/wp-content\/uploads\/2015\/02\/favicon-vorlage1.png\" alt=\"\" width=\"506\" height=\"506\" srcset=\"https:\/\/www.moselromantikhaus.de\/wp-content\/uploads\/2015\/02\/favicon-vorlage1.png 1727w, https:\/\/www.moselromantikhaus.de\/wp-content\/uploads\/2015\/02\/favicon-vorlage1-150x150.png 150w, https:\/\/www.moselromantikhaus.de\/wp-content\/uploads\/2015\/02\/favicon-vorlage1-300x300.png 300w, https:\/\/www.moselromantikhaus.de\/wp-content\/uploads\/2015\/02\/favicon-vorlage1-1024x1024.png 1024w\" sizes=\"auto, (max-width: 506px) 100vw, 506px\" \/><\/a><\/p>\n","protected":false},"excerpt":{"rendered":"<p>Die Ferienwohnung bietet Platz f\u00fcr maximal 7 Personen in 2 Schlafzimmern und 2 Kinderzimmern, die alternativ auch als Ankleidezimmer genutzt werden k\u00f6nnen. Im Erdgeschoss finden sich eine moderne, voll ausgestattete K\u00fcche, das Esszimmer mit einem gem\u00fctlichen Pelletofen f\u00fcr k\u00fchlere Tage &hellip; <a href=\"https:\/\/www.moselromantikhaus.de\/?page_id=12\">Weiter<\/a><\/p>\n","protected":false},"author":1,"featured_media":0,"parent":0,"menu_order":0,"comment_status":"open","ping_status":"open","template":"page-fullwidth.php","meta":{"kt_blocks_editor_width":"","ngg_post_thumbnail":0,"footnotes":""},"class_list":["post-12","page","type-page","status-publish","hentry"],"_links":{"self":[{"href":"https:\/\/www.moselromantikhaus.de\/index.php?rest_route=\/wp\/v2\/pages\/12","targetHints":{"allow":["GET"]}}],"collection":[{"href":"https:\/\/www.moselromantikhaus.de\/index.php?rest_route=\/wp\/v2\/pages"}],"about":[{"href":"https:\/\/www.moselromantikhaus.de\/index.php?rest_route=\/wp\/v2\/types\/page"}],"author":[{"embeddable":true,"href":"https:\/\/www.moselromantikhaus.de\/index.php?rest_route=\/wp\/v2\/users\/1"}],"replies":[{"embeddable":true,"href":"https:\/\/www.moselromantikhaus.de\/index.php?rest_route=%2Fwp%2Fv2%2Fcomments&post=12"}],"version-history":[{"count":26,"href":"https:\/\/www.moselromantikhaus.de\/index.php?rest_route=\/wp\/v2\/pages\/12\/revisions"}],"predecessor-version":[{"id":437,"href":"https:\/\/www.moselromantikhaus.de\/index.php?rest_route=\/wp\/v2\/pages\/12\/revisions\/437"}],"wp:attachment":[{"href":"https:\/\/www.moselromantikhaus.de\/index.php?rest_route=%2Fwp%2Fv2%2Fmedia&parent=12"}],"curies":[{"name":"wp","href":"https:\/\/api.w.org\/{rel}","templated":true}]}}