{"id":276,"date":"2016-03-29T18:23:02","date_gmt":"2016-03-29T16:23:02","guid":{"rendered":"http:\/\/www.moselromantikhaus.de\/?page_id=276"},"modified":"2020-05-17T10:07:22","modified_gmt":"2020-05-17T08:07:22","slug":"unternehmungen","status":"publish","type":"page","link":"https:\/\/www.moselromantikhaus.de\/?page_id=276","title":{"rendered":"Unternehmungen im Ort"},"content":{"rendered":"<p style=\"text-align: justify;\"><strong>Was kann man in Burg unternehmen oder erledigen?<\/strong><\/p>\n<p style=\"text-align: justify;\">Im Folgenden ein paar Anregungen, was Sie im Ort unternehmen \/ erledigen k\u00f6nnen. Weitere Ausk\u00fcnfte k\u00f6nnen Sie in der Tourist-Info (im B\u00fcrgerhaus gelegen: Schulstr. 8, Tel. 06541 \/ 811420) erhalten. Diese ist Mo-Fr von 9:00 bis 10:30 ge\u00f6ffnet. Au\u00dferhalb der \u00d6ffnungszeiten k\u00f6nnen Sie sich an die Tourist-Information in Traben-Trarbach wenden (Tel. 06541 \/ 83980).<\/p>\n<p style=\"text-align: justify;\"><strong>Auto- \/ Fahrrad-Reparatur<\/strong><br \/>\nPeter&#8217;s Autoservice<br \/>\nMoselstr. 46<br \/>\n06541 \/ 8669054<br \/>\n0151 \/ 56575751<br \/>\nMo-Fr 9:00-12:00 + 13:30-18:00<br \/>\nSa 9:00-12:00<\/p>\n<p style=\"text-align: justify;\"><strong>B\u00e4ckerei<\/strong><br \/>\nDie B\u00e4ckerei Obczernitzki liefert zur Zeit auf Vorbestellung gegen eine kleine Geb\u00fchr bis zur Haust\u00fcr. Dieser Service hat sich in der Vergangenheit immer wieder mal ge\u00e4ndert (fr\u00fcher gab es ein Lieferauto mit einem zentralen Haltepunkt im Ort). Fragen Sie daher am besten nach den aktuellen M\u00f6glichkeiten nach. Die Kontaktdaten finden Sie unter: http:\/\/www.backhaus-enkirch.de\/<\/p>\n<p style=\"text-align: justify;\"><strong>Essen &amp; Trinken<\/strong><br \/>\nEs gibt zahlreiche Weing\u00fcter, Strau\u00dfwirtschaften und Restaurants im Ort, die gut zu Fu\u00df erreichbar sind. Eine ausf\u00fchrliche Liste finden Sie auch in dem in der Ferienwohnung ausliegenden Info-Ordner.<\/p>\n<p style=\"text-align: justify;\"><strong>Fahrrad-Verleih<\/strong><br \/>\nPeter&#8217;s Autoservice<br \/>\nMoselstr. 46<br \/>\n06541 \/ 8669054<br \/>\n0151 \/ 56575751<\/p>\n<p style=\"text-align: justify;\"><strong>Fischen<\/strong><br \/>\nFischereierlaubnisscheine bei Fischwirtschaftsmeister Harry Schneider (Tagesschein 4,50 \u20ac)<br \/>\nMoselstr. 38<br \/>\nTel. 06541 \/ 2956<\/p>\n<p style=\"text-align: justify;\"><strong>Oldtimer-Traktor-Vermietung<\/strong><br \/>\nWeingut Hirschen<br \/>\nEnkircherweg 15<br \/>\nTel. 06541 \/ 4553<\/p>\n<p style=\"text-align: justify;\"><strong>Wanderungen in den Weinbergen um Burg<\/strong><br \/>\nSie k\u00f6nnen in den Weinbergen und auch oberhalb an der Grenze zum Wald kurze oder nat\u00fcrlich auch ausgiebigere Wanderungen unternehmen. Dort f\u00fchrt auch der&nbsp;<a href=\"http:\/\/www.moselsteig.de\" target=\"_blank\" rel=\"noopener noreferrer\">Moselsteig<\/a> entlang (Etappe 13 Traben-Trarbach &lt;=&gt; Reil). Karten und Wanderf\u00fchrer zum Moselsteig liegen im Haus f\u00fcr Sie bereit.<br \/>\nIm Anschlu\u00df k\u00f6nnen Sie dann die m\u00fcden F\u00fc\u00dfe wieder abk\u00fchlen in der ==&gt;Wassertretanlage oberhalb des Ortes in der N\u00e4he von Schlo\u00df Burg (das Schlo\u00df ist nicht \u00f6ffentlich zug\u00e4nglich, kann aber f\u00fcr Hochzeiten gemietet werden).<\/p>\n<p style=\"text-align: justify;\"><strong>Wassertretanlage und Picknick<\/strong><br \/>\nDiese ist in den Weinbergen bei Schlo\u00df Burg gelegen und ca. 900 m von der Ferienwohnung entfernt. Im Sommer bringt diese eine angenehme Erfrischung. Im Schatten der B\u00e4ume bietet sich der Platz f\u00fcr ein gem\u00fctliches Picknick oder einfach nur zum Seele-baumeln-lassen an. Sie k\u00f6nnen nat\u00fcrlich auch den zur Ferienwohnung geh\u00f6renden kleinen Garten nutzen. Neben Sitzgelegenheiten und Tisch steht dort bei entsprechendem Wetter auch ein gro\u00dfer Sonnenschirm und ein Holzkohlegrill f\u00fcr Sie bereit.<\/p>\n<p style=\"text-align: justify;\"><strong>Weinfest<\/strong><br \/>\n&#8222;Schlurps-Tour&#8220; (im September)<br \/>\nHier machen viele Weing\u00fcter aus Burg mit. Sie k\u00f6nnen neben Weinproben auch leckere, selbstgekochte Gerichte bekommen und sich so von Haus zu Haus &#8222;durchfuttern&#8220;. Z.B. beim Weingut M\u00fcller (Schulstr. 23) letztes Jahr mit Rotweingulasch, gekochtem Rindfleisch, Rindfleischsuppe, Flammkuchen und K\u00e4seteller. Auch gibt es Kaffee &amp; Kuchen, Live-Musik etc. Ein \u00e4hnliches Angebot bieten auch andere Weing\u00fcter und Strau\u00dfwirtschaften im Ort an. Gehen Sie doch einfach mal auf Entdeckungstour durch den Ort.<\/p>\n<p>&nbsp;<\/p>\n<p style=\"text-align: justify;\">Weiter zu <strong><a href=\"http:\/\/www.moselromantikhaus.de\/?page_id=299\">Unternehmungen in der Umgebung<\/a><\/strong><\/p>\n","protected":false},"excerpt":{"rendered":"<p>Was kann man in Burg unternehmen oder erledigen? Im Folgenden ein paar Anregungen, was Sie im Ort unternehmen \/ erledigen k\u00f6nnen. Weitere Ausk\u00fcnfte k\u00f6nnen Sie in der Tourist-Info (im B\u00fcrgerhaus gelegen: Schulstr. 8, Tel. 06541 \/ 811420) erhalten. Diese ist &hellip; <a href=\"https:\/\/www.moselromantikhaus.de\/?page_id=276\">Weiter<\/a><\/p>\n","protected":false},"author":1,"featured_media":0,"parent":0,"menu_order":0,"comment_status":"closed","ping_status":"closed","template":"","meta":{"kt_blocks_editor_width":"","ngg_post_thumbnail":0,"footnotes":""},"class_list":["post-276","page","type-page","status-publish","hentry"],"_links":{"self":[{"href":"https:\/\/www.moselromantikhaus.de\/index.php?rest_route=\/wp\/v2\/pages\/276","targetHints":{"allow":["GET"]}}],"collection":[{"href":"https:\/\/www.moselromantikhaus.de\/index.php?rest_route=\/wp\/v2\/pages"}],"about":[{"href":"https:\/\/www.moselromantikhaus.de\/index.php?rest_route=\/wp\/v2\/types\/page"}],"author":[{"embeddable":true,"href":"https:\/\/www.moselromantikhaus.de\/index.php?rest_route=\/wp\/v2\/users\/1"}],"replies":[{"embeddable":true,"href":"https:\/\/www.moselromantikhaus.de\/index.php?rest_route=%2Fwp%2Fv2%2Fcomments&post=276"}],"version-history":[{"count":35,"href":"https:\/\/www.moselromantikhaus.de\/index.php?rest_route=\/wp\/v2\/pages\/276\/revisions"}],"predecessor-version":[{"id":7020,"href":"https:\/\/www.moselromantikhaus.de\/index.php?rest_route=\/wp\/v2\/pages\/276\/revisions\/7020"}],"wp:attachment":[{"href":"https:\/\/www.moselromantikhaus.de\/index.php?rest_route=%2Fwp%2Fv2%2Fmedia&parent=276"}],"curies":[{"name":"wp","href":"https:\/\/api.w.org\/{rel}","templated":true}]}}