{"id":299,"date":"2016-03-29T19:11:12","date_gmt":"2016-03-29T17:11:12","guid":{"rendered":"http:\/\/www.moselromantikhaus.de\/?page_id=299"},"modified":"2020-05-17T10:02:12","modified_gmt":"2020-05-17T08:02:12","slug":"unternehmungen-in-der-umgebung","status":"publish","type":"page","link":"https:\/\/www.moselromantikhaus.de\/?page_id=299","title":{"rendered":"Unternehmungen in der Umgebung"},"content":{"rendered":"<p style=\"text-align: justify;\">Hier finden Sie eine kleine Auswahl an Freizeitaktivit\u00e4ten in der n\u00e4heren Umgebung von Burg. Die Liste wird zur Zeit noch erweitert.<\/p>\n<p style=\"text-align: justify;\">Burg geht fast in den Nachbarort Enkirch \u00fcber. Dort k\u00f6nnen Sie zum Beispiel eine <a href=\"https:\/\/www.enkirch.de\/tourismus-und-kultur\/aktivitaeten\/ausflugsziele\/schiffsausfluege\/\" target=\"_blank\" rel=\"noopener noreferrer\">Schiffsrundfahrt<\/a> auf der Mosel starten.<\/p>\n<p style=\"text-align: justify;\">In Traben-Trabach finden Sie z.B. die bekannte <a href=\"http:\/\/www.moseltherme.de\/\" target=\"_blank\" rel=\"noopener noreferrer\">Moseltherme<\/a>. Neben der Badelandschaft finden Sie dort auch eine Sauna. Au\u00dferdem werden in Therapiezentrum &amp; Wellnessoase auch Massagen, Peelings oder Aquafitness-Programme angeboten. F\u00fcr ganz aktive Urlauber bietet sich auch der&nbsp;<a href=\"https:\/\/adventureforest.de\/\">Kletterwald Mont Royal<\/a> an. Neben verschieden schweren Parcours (auch f\u00fcr Kinder), wie man sie von anderen Kletterw\u00e4ldern kennt, gibt es auch einen 1,5 km langen Seilrutschen-Parcours sowie einen 14 Meter hohen Kletterturm mit 3 Kletterw\u00e4nden. Oberhalb von Traben-Trarbach liegt die Burgruine <a href=\"https:\/\/www.facebook.com\/Grevenburg\" target=\"_blank\" rel=\"noopener noreferrer\">Grevenburg<\/a>, die bewirtschaftet ist. Sie haben von dort oben einen wundersch\u00f6nen Ausblick \u00fcber Traben-Trarbach und die Mosel.<\/p>\n<p style=\"text-align: justify;\">In Zell gibt es das <a href=\"http:\/\/www.erlebnisbad-zell.de\" target=\"_blank\" rel=\"noopener noreferrer\">Erlebnisbad Zeller Land<\/a>. Neben Badebereich, Whirlpool und Sprungbrett gibt es auch einen Au\u00dfenbereich mit Becken und einer 60-m-Rutsche sowie einem Beachvolleyball-Feld.<\/p>\n<p style=\"text-align: justify;\">Auch die <a href=\"http:\/\/www.reichsburg-cochem.de\" target=\"_blank\" rel=\"noopener noreferrer\">Reichsburg<\/a> in Cochem oder die vom 500-DM-Schein bekannte <a href=\"http:\/\/www.burg-eltz.de\" target=\"_blank\" rel=\"noopener noreferrer\">Burg Eltz<\/a> in Moselkern sind einen Ausflug wert.<\/p>\n<p style=\"text-align: justify;\">Weiter zu <a href=\"http:\/\/www.moselromantikhaus.de\/?page_id=276\">Unternehmungen im Ort<\/a>.<\/p>\n","protected":false},"excerpt":{"rendered":"<p>Hier finden Sie eine kleine Auswahl an Freizeitaktivit\u00e4ten in der n\u00e4heren Umgebung von Burg. Die Liste wird zur Zeit noch erweitert. Burg geht fast in den Nachbarort Enkirch \u00fcber. Dort k\u00f6nnen Sie zum Beispiel eine Schiffsrundfahrt auf der Mosel starten. &hellip; <a href=\"https:\/\/www.moselromantikhaus.de\/?page_id=299\">Weiter<\/a><\/p>\n","protected":false},"author":1,"featured_media":0,"parent":0,"menu_order":0,"comment_status":"closed","ping_status":"closed","template":"","meta":{"kt_blocks_editor_width":"","ngg_post_thumbnail":0,"footnotes":""},"class_list":["post-299","page","type-page","status-publish","hentry"],"_links":{"self":[{"href":"https:\/\/www.moselromantikhaus.de\/index.php?rest_route=\/wp\/v2\/pages\/299","targetHints":{"allow":["GET"]}}],"collection":[{"href":"https:\/\/www.moselromantikhaus.de\/index.php?rest_route=\/wp\/v2\/pages"}],"about":[{"href":"https:\/\/www.moselromantikhaus.de\/index.php?rest_route=\/wp\/v2\/types\/page"}],"author":[{"embeddable":true,"href":"https:\/\/www.moselromantikhaus.de\/index.php?rest_route=\/wp\/v2\/users\/1"}],"replies":[{"embeddable":true,"href":"https:\/\/www.moselromantikhaus.de\/index.php?rest_route=%2Fwp%2Fv2%2Fcomments&post=299"}],"version-history":[{"count":22,"href":"https:\/\/www.moselromantikhaus.de\/index.php?rest_route=\/wp\/v2\/pages\/299\/revisions"}],"predecessor-version":[{"id":7019,"href":"https:\/\/www.moselromantikhaus.de\/index.php?rest_route=\/wp\/v2\/pages\/299\/revisions\/7019"}],"wp:attachment":[{"href":"https:\/\/www.moselromantikhaus.de\/index.php?rest_route=%2Fwp%2Fv2%2Fmedia&parent=299"}],"curies":[{"name":"wp","href":"https:\/\/api.w.org\/{rel}","templated":true}]}}