{"id":4,"date":"2015-02-18T17:15:51","date_gmt":"2015-02-18T16:15:51","guid":{"rendered":"http:\/\/rp81.de\/moselromantikhaus\/?page_id=4"},"modified":"2019-07-24T10:19:52","modified_gmt":"2019-07-24T08:19:52","slug":"herzlich-willkommen","status":"publish","type":"page","link":"https:\/\/www.moselromantikhaus.de\/","title":{"rendered":"Herzlich willkommen in der Fachwerk-Ferienwohnung &#8222;Mosel-Romantikhaus&#8220; in Burg \/ Mosel!"},"content":{"rendered":"<p style=\"text-align: justify;\">Ich m\u00f6chte Ihnen an dieser Stelle zun\u00e4chst einen \u00dcberblick \u00fcber meine Ferienwohnung, die Umgebung und eine Auswahl von Unternehmungen geben.<\/p>\n<p style=\"text-align: justify;\"><strong>Urlaub an der Mosel in Burg<\/strong><\/p>\n<p style=\"text-align: justify;\">Die Ferienwohnung &#8222;Mosel-Romantikhaus&#8220; liegt im kleinen Ort Burg an der Mosel. Sie liegt zwischen Zell (11 km) und Traben-Trarbach (9 km) im historischen Ortskern. So wird Burg bereits in einer Urkunde im Jahr 928 erw\u00e4hnt und auch das (heutige Ferien-)Haus hat seit seiner Erbauung 1661 viel erlebt. Sie k\u00f6nnen sich \u00fcber die Vorgeschichte der Ferienwohnung im&nbsp;Manuskript <a href=\"http:\/\/www.geschichte-burg-mosel.de\" target=\"_blank\" rel=\"noopener noreferrer\">&#8222;Geschichte Burg an der Mosel &#8211; Ein Beitrag zur Geschichte der Mittelmosel&#8220;<\/a> ein Bild machen. Oberhalb der Ferienwohnung erstrecken sich die Weinberge bis zur Waldgrenze, unterhalb flie\u00dft die Mosel am Ort vorbei. Und neben der Ferienwohnung befindet sich der&nbsp; dazugeh\u00f6rige Garten. In Burg und Umgebung finden sich auch zahlreiche Weing\u00fcter, Strau\u00dfwirtschaften und Gastst\u00e4tten, die in wenigen Gehminuten zu erreichen sind.<\/p>\n<p style=\"text-align: justify;\">Wanderfreunde sind eingeladen, den neu er\u00f6ffneten Moselsteig entlang zu wandern, der direkt an Burg durch die Weinberge vorbeif\u00fchrt. Burg liegt an der Etappe 13 (Traben-Trarbach &lt;=&gt; Reil). Karte und Wanderf\u00fchrer hierzu liegen in der Ferienwohnung f\u00fcr Sie bereit. Ebenso finden Sie einen Informationsordner mit Anregungen f\u00fcr Unternehmungen&nbsp;und <a href=\"http:\/\/www.moselromantikhaus.de\/?page_id=307\">Ausfl\u00fcge<\/a> f\u00fcr die ganze Familie. So k\u00f6nnen Sie im Ort selbst z.B. Oldtimer-Traktoren oder Fahrr\u00e4der ausleihen und damit die Weinberge erkunden oder beim \u00f6rtlichen Fischwirtschaftsmeister einen Fischereierlaubnisschein erwerben und an der Mosel angeln und abends den Tag bei Wein und z\u00fcnftigem Essen in einer Strau\u00dfwirtschaft oder einem Restaurant ausklingen lassen. Zell mit seinem Erlebnisbad Zeller Land und Traben-Trarbach mit der Burgruine Grevenburg, der Mosel-Therme oder dem Kletterwald Mont Royal sind ebenfalls einen Ausflug wert.<\/p>\n<p style=\"text-align: justify;\"><strong>Die Ferienwohnung<\/strong><\/p>\n<p style=\"text-align: justify;\">Die Ferienwohnung ist als romantische R\u00fcckzugsm\u00f6glichkeit, als Erholungsort vom Alltagsstre\u00df gedacht. Das Haus liegt nur wenige Gehminuten von der Mosel entfernt in erh\u00f6hter Lage. Es ist freistehend, hat also keine direkt angrenzenden Nachbarh\u00e4user. Das historische Haus wurde sorgf\u00e4ltig in jahrelanger, m\u00fchevoller Arbeit renoviert und an heutige Standards angepa\u00dft (K\u00fcche mit Sp\u00fclmaschine, Elektrik, Heizung, Wasserversorgung etc. wurden komplett neu eingebaut).<\/p>\n<p style=\"text-align: justify;\">Weitere Details k\u00f6nnen Sie oben dem Men\u00fcpunkt <a title=\"Beschreibung der Ferienwohnung\" href=\"http:\/\/www.moselromantikhaus.de\/?page_id=12\">Beschreibung der Ferienwohnung<\/a> entnehmen.<\/p>\n<p style=\"text-align: justify;\">Und jetzt w\u00fcnsche ich Ihnen viel Spa\u00df beim Erkunden der Ferienwohnung &#8211; haben Sie sich schon die <a href=\"http:\/\/www.moselromantikhaus.de\/?page_id=22\">Photos<\/a> z.B. vom Garten angeschaut? Demn\u00e4chst finden Sie hier auch ein kleines Video mit Innen- und Au\u00dfenaufnahmen der Ferienwohnung und des dazugeh\u00f6rigen Gartens. Wenn Sie noch Fragen haben, k\u00f6nnen Sie mich gerne \u00fcber die im <a href=\"http:\/\/www.moselromantikhaus.de\/?page_id=46\">Impressum<\/a> genannte E-Mail-Adresse oder \u00fcber das <a href=\"http:\/\/www.moselromantikhaus.de\/?page_id=127\">Kontakt-Formular<\/a> erreichen. Ich w\u00fcrde mich sehr freuen, wenn ich Sie mit Ihrer Familie einmal in meiner Ferienwohnung begr\u00fc\u00dfen d\u00fcrfte!<\/p>\n<p style=\"text-align: justify;\">Ihr Raphael Pollmann<\/p>\n","protected":false},"excerpt":{"rendered":"<p>Ich m\u00f6chte Ihnen an dieser Stelle zun\u00e4chst einen \u00dcberblick \u00fcber meine Ferienwohnung, die Umgebung und eine Auswahl von Unternehmungen geben. Urlaub an der Mosel in Burg Die Ferienwohnung &#8222;Mosel-Romantikhaus&#8220; liegt im kleinen Ort Burg an der Mosel. Sie liegt zwischen &hellip; <a href=\"https:\/\/www.moselromantikhaus.de\/\">Weiter<\/a><\/p>\n","protected":false},"author":1,"featured_media":0,"parent":0,"menu_order":0,"comment_status":"open","ping_status":"open","template":"page-fullwidth.php","meta":{"kt_blocks_editor_width":"","ngg_post_thumbnail":0,"footnotes":""},"class_list":["post-4","page","type-page","status-publish","hentry"],"_links":{"self":[{"href":"https:\/\/www.moselromantikhaus.de\/index.php?rest_route=\/wp\/v2\/pages\/4","targetHints":{"allow":["GET"]}}],"collection":[{"href":"https:\/\/www.moselromantikhaus.de\/index.php?rest_route=\/wp\/v2\/pages"}],"about":[{"href":"https:\/\/www.moselromantikhaus.de\/index.php?rest_route=\/wp\/v2\/types\/page"}],"author":[{"embeddable":true,"href":"https:\/\/www.moselromantikhaus.de\/index.php?rest_route=\/wp\/v2\/users\/1"}],"replies":[{"embeddable":true,"href":"https:\/\/www.moselromantikhaus.de\/index.php?rest_route=%2Fwp%2Fv2%2Fcomments&post=4"}],"version-history":[{"count":21,"href":"https:\/\/www.moselromantikhaus.de\/index.php?rest_route=\/wp\/v2\/pages\/4\/revisions"}],"predecessor-version":[{"id":1185,"href":"https:\/\/www.moselromantikhaus.de\/index.php?rest_route=\/wp\/v2\/pages\/4\/revisions\/1185"}],"wp:attachment":[{"href":"https:\/\/www.moselromantikhaus.de\/index.php?rest_route=%2Fwp%2Fv2%2Fmedia&parent=4"}],"curies":[{"name":"wp","href":"https:\/\/api.w.org\/{rel}","templated":true}]}}