{"id":46,"date":"2015-02-18T17:36:05","date_gmt":"2015-02-18T16:36:05","guid":{"rendered":"http:\/\/rp81.de\/moselromantikhaus\/?page_id=46"},"modified":"2021-09-17T13:26:52","modified_gmt":"2021-09-17T11:26:52","slug":"impressum","status":"publish","type":"page","link":"https:\/\/www.moselromantikhaus.de\/?page_id=46","title":{"rendered":"Impressum"},"content":{"rendered":"<p><img loading=\"lazy\" decoding=\"async\" class=\"alignleft wp-image-841 size-full\" src=\"https:\/\/www.moselromantikhaus.de\/wp-content\/uploads\/2019\/07\/Impressum.png\" alt=\"\" width=\"219\" height=\"114\"><\/p>\n<p>&nbsp;<\/p>\n<p>&nbsp;<\/p>\n<p>&nbsp;<\/p>\n<p>&nbsp;<\/p>\n<p style=\"text-align: justify;\">Sie k\u00f6nnen mich am leichtesten \u00fcber das <strong><a title=\"Kontakt\" href=\"http:\/\/www.moselromantikhaus.de\/?page_id=127\">Kontaktformular<\/a><\/strong> erreichen.&nbsp;<\/p>\n<h4><span style=\"color: #ff0000;\"><strong>Diese Kontaktdaten dienen ausschlie\u00dflich f\u00fcr Anfragen von Interessenten, die das Ferienhaus mieten m\u00f6chten sowie f\u00fcr rechtliche Anfragen<\/strong>.<\/span><\/h4>\n<h4><span style=\"color: #ff0000;\"><strong>Einer Kontaktaufnahme zu Werbezwecken jeder Art wird ausdr\u00fccklich widersprochen!<\/strong><\/span><\/h4>\n<h4><span style=\"color: #ff0000;\"><strong>Die Inhalte dieser Internetpr\u00e4senz unterliegen dem Urheberrecht.&nbsp;Die Speicherung und jedwede Nutzung dieser Inhalte zu kommerziellen Zwecken ist nicht gestattet und wird rechtlich verfolgt!&nbsp;Ausnahmen hiervon bed\u00fcrfen einer schriftlichen Erlaubnis!<\/strong><\/span><\/h4>\n","protected":false},"excerpt":{"rendered":"<p>&nbsp; &nbsp; &nbsp; &nbsp; Sie k\u00f6nnen mich am leichtesten \u00fcber das Kontaktformular erreichen.&nbsp; Diese Kontaktdaten dienen ausschlie\u00dflich f\u00fcr Anfragen von Interessenten, die das Ferienhaus mieten m\u00f6chten sowie f\u00fcr rechtliche Anfragen. Einer Kontaktaufnahme zu Werbezwecken jeder Art wird ausdr\u00fccklich widersprochen! Die &hellip; <a href=\"https:\/\/www.moselromantikhaus.de\/?page_id=46\">Weiter<\/a><\/p>\n","protected":false},"author":1,"featured_media":0,"parent":0,"menu_order":0,"comment_status":"open","ping_status":"open","template":"page-fullwidth.php","meta":{"kt_blocks_editor_width":"","ngg_post_thumbnail":0,"footnotes":""},"class_list":["post-46","page","type-page","status-publish","hentry"],"_links":{"self":[{"href":"https:\/\/www.moselromantikhaus.de\/index.php?rest_route=\/wp\/v2\/pages\/46","targetHints":{"allow":["GET"]}}],"collection":[{"href":"https:\/\/www.moselromantikhaus.de\/index.php?rest_route=\/wp\/v2\/pages"}],"about":[{"href":"https:\/\/www.moselromantikhaus.de\/index.php?rest_route=\/wp\/v2\/types\/page"}],"author":[{"embeddable":true,"href":"https:\/\/www.moselromantikhaus.de\/index.php?rest_route=\/wp\/v2\/users\/1"}],"replies":[{"embeddable":true,"href":"https:\/\/www.moselromantikhaus.de\/index.php?rest_route=%2Fwp%2Fv2%2Fcomments&post=46"}],"version-history":[{"count":12,"href":"https:\/\/www.moselromantikhaus.de\/index.php?rest_route=\/wp\/v2\/pages\/46\/revisions"}],"predecessor-version":[{"id":7099,"href":"https:\/\/www.moselromantikhaus.de\/index.php?rest_route=\/wp\/v2\/pages\/46\/revisions\/7099"}],"wp:attachment":[{"href":"https:\/\/www.moselromantikhaus.de\/index.php?rest_route=%2Fwp%2Fv2%2Fmedia&parent=46"}],"curies":[{"name":"wp","href":"https:\/\/api.w.org\/{rel}","templated":true}]}}